{"id":1669,"date":"2021-01-15T09:39:17","date_gmt":"2021-01-15T08:39:17","guid":{"rendered":"https:\/\/eliteam.eu\/?page_id=1669"},"modified":"2022-04-18T15:46:57","modified_gmt":"2022-04-18T13:46:57","slug":"bureau-detudes","status":"publish","type":"page","link":"https:\/\/eliteam.eu\/en\/bureau-detudes\/","title":{"rendered":"Bureau d&#8217;Etudes"},"content":{"rendered":"<p class=\"qtranxs-available-languages-message qtranxs-available-languages-message-en\">Sorry, this entry is only available in <a href=\"https:\/\/eliteam.eu\/fr\/wp-json\/wp\/v2\/pages\/1669\" class=\"qtranxs-available-language-link qtranxs-available-language-link-fr\" title=\"Fran\u00e7ais\">Fran\u00e7ais<\/a>. For the sake of viewer convenience, the content is shown below in the alternative language. You may click the link to switch the active language.<\/p><p>[vc_row full_width=&#8221;stretch_row_content&#8221; content_placement=&#8221;middle&#8221; css_animation=&#8221;none&#8221; css=&#8221;.vc_custom_1616659444731{background-color: #273462 !important;}&#8221;][vc_column][vc_single_image image=&#8221;1672&#8243; img_size=&#8221;medium&#8221; alignment=&#8221;center&#8221; css_animation=&#8221;fadeInDown&#8221;][vc_column_text css_animation=&#8221;fadeInDown&#8221;]<\/p>\n<h1 style=\"text-align: center;\"><span style=\"color: #ffffff;\">NOTRE BUREAU D&#8217;\u00c9TUDES<\/span><\/h1>\n<p>[\/vc_column_text][\/vc_column][\/vc_row][vc_row][vc_column][vc_single_image image=&#8221;1670&#8243; img_size=&#8221;full&#8221; alignment=&#8221;center&#8221; onclick=&#8221;img_link_large&#8221; img_link_target=&#8221;_blank&#8221; css_animation=&#8221;fadeInUp&#8221;][vc_empty_space height=&#8221;50px&#8221;][\/vc_column][\/vc_row][vc_row][vc_column css_animation=&#8221;none&#8221; width=&#8221;1\/4&#8243;]<div data-enable_animator='all' class='wpb_animate_when_almost_visible gambit-css-animation fall-3d-to-bottom ' style='-webkit-animation-duration: 2s;-moz-animation-duration: 2s;-ms-animation-duration: 2s;-o-animation-duration: 2s;animation-duration: 2s;-webkit-transition-duration: 2s;-moz-transition-duration: 2s;-ms-transition-duration: 2s;-o-transition-duration: 2s;transition-duration: 2s;opacity: 0;-webkit-animation-delay: 0.1s;-moz-animation-delay: 0.1s;-ms-animation-delay: 0.1s;-o-animation-delay: 0.1s;animation-delay: 0.1s;-webkit-transition-delay: 0.1s;-moz-transition-delay: 0.1s;-ms-transition-delay: 0.1s;-o-transition-delay: 0.1s;transition-delay: 0.1s'>[vc_single_image image=&#8221;1675&#8243; img_size=&#8221;100&#215;100&#8243; alignment=&#8221;center&#8221;][vc_column_text]<\/p>\n<p style=\"text-align: center;\"><span style=\"font-size: 10pt;\"><em>\u00c9nergie<\/em><\/span><\/p>\n<p>[\/vc_column_text]<\/div>[\/vc_column][vc_column css_animation=&#8221;fadeInLeft&#8221; width=&#8221;1\/4&#8243;]<div data-enable_animator='all' class='wpb_animate_when_almost_visible gambit-css-animation fall-3d-to-bottom ' style='-webkit-animation-duration: 2s;-moz-animation-duration: 2s;-ms-animation-duration: 2s;-o-animation-duration: 2s;animation-duration: 2s;-webkit-transition-duration: 2s;-moz-transition-duration: 2s;-ms-transition-duration: 2s;-o-transition-duration: 2s;transition-duration: 2s;opacity: 0;-webkit-animation-delay: 1.1s;-moz-animation-delay: 1.1s;-ms-animation-delay: 1.1s;-o-animation-delay: 1.1s;animation-delay: 1.1s;-webkit-transition-delay: 1.1s;-moz-transition-delay: 1.1s;-ms-transition-delay: 1.1s;-o-transition-delay: 1.1s;transition-delay: 1.1s'>[vc_single_image image=&#8221;1677&#8243; img_size=&#8221;100&#215;100&#8243; alignment=&#8221;center&#8221;][vc_column_text]<\/p>\n<p style=\"text-align: center;\"><span style=\"font-size: 10pt;\"><em>Industrie<\/em><\/span><\/p>\n<p>[\/vc_column_text]<\/div>[\/vc_column][vc_column css_animation=&#8221;fadeInRight&#8221; width=&#8221;1\/4&#8243;]<div data-enable_animator='all' class='wpb_animate_when_almost_visible gambit-css-animation fall-3d-to-bottom ' style='-webkit-animation-duration: 2s;-moz-animation-duration: 2s;-ms-animation-duration: 2s;-o-animation-duration: 2s;animation-duration: 2s;-webkit-transition-duration: 2s;-moz-transition-duration: 2s;-ms-transition-duration: 2s;-o-transition-duration: 2s;transition-duration: 2s;opacity: 0;-webkit-animation-delay: 2.1s;-moz-animation-delay: 2.1s;-ms-animation-delay: 2.1s;-o-animation-delay: 2.1s;animation-delay: 2.1s;-webkit-transition-delay: 2.1s;-moz-transition-delay: 2.1s;-ms-transition-delay: 2.1s;-o-transition-delay: 2.1s;transition-delay: 2.1s'>[vc_single_image image=&#8221;1674&#8243; img_size=&#8221;100&#215;100&#8243; alignment=&#8221;center&#8221;][vc_column_text]<\/p>\n<p style=\"text-align: center;\"><span style=\"font-size: 10pt;\"><em>Travaux Publics<\/em><\/span><\/p>\n<p>[\/vc_column_text]<\/div>[\/vc_column][vc_column css_animation=&#8221;fadeInRight&#8221; width=&#8221;1\/4&#8243;]<div data-enable_animator='all' class='wpb_animate_when_almost_visible gambit-css-animation fall-3d-to-bottom ' style='-webkit-animation-duration: 2s;-moz-animation-duration: 2s;-ms-animation-duration: 2s;-o-animation-duration: 2s;animation-duration: 2s;-webkit-transition-duration: 2s;-moz-transition-duration: 2s;-ms-transition-duration: 2s;-o-transition-duration: 2s;transition-duration: 2s;opacity: 0;-webkit-animation-delay: 3.1s;-moz-animation-delay: 3.1s;-ms-animation-delay: 3.1s;-o-animation-delay: 3.1s;animation-delay: 3.1s;-webkit-transition-delay: 3.1s;-moz-transition-delay: 3.1s;-ms-transition-delay: 3.1s;-o-transition-delay: 3.1s;transition-delay: 3.1s'>[vc_single_image image=&#8221;1676&#8243; img_size=&#8221;100&#215;100&#8243; alignment=&#8221;center&#8221;][vc_column_text]<\/p>\n<p style=\"text-align: center;\"><span style=\"font-size: 10pt;\"><em>Nucl\u00e9aire<\/em><\/span><\/p>\n<p>[\/vc_column_text]<\/div>[\/vc_column][\/vc_row][vc_row][vc_column][vc_empty_space height=&#8221;50px&#8221;][\/vc_column][\/vc_row][vc_row gap=&#8221;20&#8243; css_animation=&#8221;fadeIn&#8221; css=&#8221;.vc_custom_1616659489794{background-color: #e3e3e3 !important;}&#8221;][vc_column css_animation=&#8221;fadeIn&#8221; width=&#8221;1\/2&#8243;][vc_column_text]<\/p>\n<p style=\"text-align: justify;\">Notre bureau d\u2019\u00e9tudes a ouvert ses portes en <strong>Janvier 2019<\/strong>, tout juste <strong>10 ans<\/strong> apr\u00e8s la cr\u00e9ation de la soci\u00e9t\u00e9<strong> ELITEAM Ing\u00e9niosit\u00e9.<\/strong><\/p>\n<p style=\"text-align: justify;\">Il est le fruit de la volont\u00e9 de notre Pr\u00e9sident et fondateur de <strong>r\u00e9unir des collaborateurs<\/strong> au sein d\u2019un <strong>plateau \u00e9tudes pluridisciplinaire et dynamique<\/strong> anim\u00e9 par de nouveaux d\u00e9fis techniques.<\/p>\n<p>[\/vc_column_text][\/vc_column][vc_column css_animation=&#8221;fadeIn&#8221; width=&#8221;1\/2&#8243;][vc_column_text]<\/p>\n<p style=\"text-align: justify;\">Fort de l\u2019exp\u00e9rience de nos collaborateurs acquise depuis plus d\u2019une <strong>dizaine d\u2019ann\u00e9es<\/strong> aupr\u00e8s de nos diff\u00e9rents partenaires, notre bureau d\u2019\u00e9tudes est compos\u00e9 d\u2019une <strong>Team M\u00e9canique<\/strong> et <strong>Electrique<\/strong>.<\/p>\n<p style=\"text-align: justify;\">Nous r\u00e9alisons des \u00e9tudes pour diff\u00e9rents secteurs d&#8217;activit\u00e9 comme <strong>l\u2019Energie &#8220;Verte&#8221;, l\u2019Industrie, les Travaux Publics<\/strong> ou encore<strong> le Nucl\u00e9aire.<\/strong><\/p>\n<p>[\/vc_column_text][\/vc_column][\/vc_row][vc_row css_animation=&#8221;fadeIn&#8221;][vc_column][vc_single_image image=&#8221;1714&#8243; img_size=&#8221;full&#8221; alignment=&#8221;center&#8221;][\/vc_column][\/vc_row][vc_row][vc_column][vc_empty_space height=&#8221;50px&#8221;][\/vc_column][\/vc_row][vc_row][vc_column][vc_separator color=&#8221;black&#8221; align=&#8221;align_left&#8221; border_width=&#8221;2&#8243; el_width=&#8221;40&#8243; css_animation=&#8221;fadeIn&#8221;][vc_column_text css_animation=&#8221;fadeIn&#8221;]<\/p>\n<h2 style=\"text-align: left;\">NOTRE SAVOIR-FAIRE &amp; NOS R\u00c9ALISATIONS<\/h2>\n<p>[\/vc_column_text][\/vc_column][\/vc_row][vc_row gap=&#8221;20&#8243; equal_height=&#8221;yes&#8221; content_placement=&#8221;top&#8221;][vc_column css_animation=&#8221;fadeInLeft&#8221; width=&#8221;1\/2&#8243; css=&#8221;.vc_custom_1616659716914{border-top-width: 1px !important;border-right-width: 1px !important;border-bottom-width: 1px !important;border-left-width: 1px !important;border-left-color: #000000 !important;border-left-style: solid !important;border-right-color: #000000 !important;border-right-style: solid !important;border-top-color: #000000 !important;border-top-style: solid !important;border-bottom-color: #000000 !important;border-bottom-style: solid !important;}&#8221;][vc_column_text css_animation=&#8221;none&#8221;]<span style=\"font-family: Armata; font-size: 12pt;\"><strong>Conception et D\u00e9veloppement de structures m\u00e9talliques et d\u2019outillages<\/strong><\/span>[\/vc_column_text][vc_row_inner][vc_column_inner width=&#8221;1\/2&#8243;][vc_single_image image=&#8221;1728&#8243; img_size=&#8221;medium&#8221; alignment=&#8221;center&#8221; css_animation=&#8221;none&#8221;][\/vc_column_inner][vc_column_inner width=&#8221;1\/2&#8243;][vc_single_image image=&#8221;1723&#8243; img_size=&#8221;medium&#8221; alignment=&#8221;center&#8221; css_animation=&#8221;none&#8221;][\/vc_column_inner][\/vc_row_inner][vc_column_text]<\/p>\n<p style=\"text-align: right;\"><span style=\"font-size: 10pt;\">(Equipement Industriel)<\/span><\/p>\n<p>[\/vc_column_text][\/vc_column][vc_column css_animation=&#8221;fadeInRight&#8221; width=&#8221;1\/2&#8243; css=&#8221;.vc_custom_1616659723257{border-top-width: 1px !important;border-right-width: 1px !important;border-bottom-width: 1px !important;border-left-width: 1px !important;border-left-color: #000000 !important;border-left-style: solid !important;border-right-color: #000000 !important;border-right-style: solid !important;border-top-color: #000000 !important;border-top-style: solid !important;border-bottom-color: #000000 !important;border-bottom-style: solid !important;}&#8221;][vc_column_text css_animation=&#8221;none&#8221;]<\/p>\n<p style=\"text-align: left;\"><strong><span style=\"font-size: 12pt;\">D\u00e9veloppement et Int\u00e9gration de solutions hydrauliques<\/span><\/strong><\/p>\n<p>[\/vc_column_text][vc_single_image image=&#8221;1720&#8243; img_size=&#8221;medium&#8221; alignment=&#8221;center&#8221; css_animation=&#8221;none&#8221;][\/vc_column][\/vc_row][vc_row gap=&#8221;20&#8243; equal_height=&#8221;yes&#8221; content_placement=&#8221;top&#8221;][vc_column css_animation=&#8221;fadeInLeft&#8221; width=&#8221;1\/2&#8243; css=&#8221;.vc_custom_1616659729382{border-top-width: 1px !important;border-right-width: 1px !important;border-bottom-width: 1px !important;border-left-width: 1px !important;border-left-color: #000000 !important;border-left-style: solid !important;border-right-color: #000000 !important;border-right-style: solid !important;border-top-color: #000000 !important;border-top-style: solid !important;border-bottom-color: #000000 !important;border-bottom-style: solid !important;}&#8221;][vc_column_text]<span style=\"font-size: 12pt;\"><strong>Conception et D\u00e9veloppement de structures m\u00e9canosoud\u00e9es (Faible \/ Forte Epaisseur)<\/strong><\/span>[\/vc_column_text][vc_single_image image=&#8221;1722&#8243; img_size=&#8221;medium&#8221; alignment=&#8221;center&#8221;][\/vc_column][vc_column css_animation=&#8221;fadeInRight&#8221; width=&#8221;1\/2&#8243; css=&#8221;.vc_custom_1616659734757{border-top-width: 1px !important;border-right-width: 1px !important;border-bottom-width: 1px !important;border-left-width: 1px !important;border-left-color: #000000 !important;border-left-style: solid !important;border-right-color: #000000 !important;border-right-style: solid !important;border-top-color: #000000 !important;border-top-style: solid !important;border-bottom-color: #000000 !important;border-bottom-style: solid !important;}&#8221;][vc_column_text]<strong><span style=\"font-size: 12pt;\">D\u00e9veloppement et Int\u00e9gration de solutions \u00e9lectriques<\/span><\/strong>[\/vc_column_text][vc_single_image image=&#8221;1721&#8243; img_size=&#8221;medium&#8221; alignment=&#8221;center&#8221;][\/vc_column][\/vc_row][vc_row gap=&#8221;20&#8243; equal_height=&#8221;yes&#8221; content_placement=&#8221;top&#8221;][vc_column css_animation=&#8221;fadeInUp&#8221; css=&#8221;.vc_custom_1616659772071{border-top-width: 1px !important;border-right-width: 1px !important;border-bottom-width: 1px !important;border-left-width: 1px !important;border-left-color: #000000 !important;border-left-style: solid !important;border-right-color: #000000 !important;border-right-style: solid !important;border-top-color: #000000 !important;border-top-style: solid !important;border-bottom-color: #000000 !important;border-bottom-style: solid !important;}&#8221;][vc_column_text]<strong><span style=\"font-size: 12pt;\">Conception et d\u00e9veloppement de solutions compl\u00e8tes pour l\u2019industrie<\/span><\/strong>[\/vc_column_text][vc_row_inner content_placement=&#8221;middle&#8221;][vc_column_inner width=&#8221;1\/3&#8243;][vc_single_image image=&#8221;1718&#8243; img_size=&#8221;medium&#8221; alignment=&#8221;center&#8221;][\/vc_column_inner][vc_column_inner width=&#8221;1\/3&#8243;]<span class=\"svg_icon  \" style=\"height: 40px; width: 40px;background-color: transparent;display: block\"><svg style=\"fill: #000000;\" xmlns=\"http:\/\/www.w3.org\/2000\/svg\" viewBox=\"0 0 1728 772.6666870117188\"><path d=\"M1728 383.333q0 14-10 24l-384 354q-16 14-35 6-19-9-19-29v-224H32q-14 0-23-9t-9-23v-192q0-14 9-23t23-9h1248v-224q0-21 19-29t35 5l384 350q10 10 10 23z\"\/><\/svg><\/span>[\/vc_column_inner][vc_column_inner width=&#8221;1\/3&#8243;][vc_single_image image=&#8221;1719&#8243; img_size=&#8221;medium&#8221; alignment=&#8221;center&#8221;][\/vc_column_inner][\/vc_row_inner][vc_column_text]<\/p>\n<p style=\"text-align: right;\"><span style=\"font-size: 10pt;\">(Syst\u00e8me de Filtration Industriel)<\/span><\/p>\n<p>[\/vc_column_text][\/vc_column][\/vc_row][vc_row gap=&#8221;20&#8243; equal_height=&#8221;yes&#8221; content_placement=&#8221;top&#8221;][vc_column css_animation=&#8221;fadeInUp&#8221; css=&#8221;.vc_custom_1616659796888{border-top-width: 1px !important;border-right-width: 1px !important;border-bottom-width: 1px !important;border-left-width: 1px !important;border-left-color: #000000 !important;border-left-style: solid !important;border-right-color: #000000 !important;border-right-style: solid !important;border-top-color: #000000 !important;border-top-style: solid !important;border-bottom-color: #000000 !important;border-bottom-style: solid !important;}&#8221;][vc_column_text]<span style=\"font-size: 12pt;\"><strong>Etudes de solutions photovolta\u00efques<\/strong><\/span>[\/vc_column_text][vc_row_inner content_placement=&#8221;middle&#8221;][vc_column_inner width=&#8221;1\/2&#8243;][vc_single_image image=&#8221;1726&#8243; img_size=&#8221;large&#8221; alignment=&#8221;center&#8221;][\/vc_column_inner][vc_column_inner width=&#8221;1\/2&#8243;][vc_single_image image=&#8221;1727&#8243; img_size=&#8221;large&#8221; alignment=&#8221;center&#8221;][\/vc_column_inner][\/vc_row_inner][\/vc_column][\/vc_row][vc_row gap=&#8221;20&#8243; equal_height=&#8221;yes&#8221; content_placement=&#8221;top&#8221;][vc_column css_animation=&#8221;fadeInUp&#8221; css=&#8221;.vc_custom_1616659804503{border-top-width: 1px !important;border-right-width: 1px !important;border-bottom-width: 1px !important;border-left-width: 1px !important;border-left-color: #000000 !important;border-left-style: solid !important;border-right-color: #000000 !important;border-right-style: solid !important;border-top-color: #000000 !important;border-top-style: solid !important;border-bottom-color: #000000 !important;border-bottom-style: solid !important;}&#8221;][vc_column_text]<span style=\"font-size: 12pt;\"><strong>Etudes photom\u00e9triques<\/strong><\/span>[\/vc_column_text][vc_row_inner content_placement=&#8221;middle&#8221;][vc_column_inner width=&#8221;1\/2&#8243;][vc_single_image image=&#8221;1724&#8243; img_size=&#8221;medium&#8221; alignment=&#8221;center&#8221;][\/vc_column_inner][vc_column_inner width=&#8221;1\/2&#8243;][vc_single_image image=&#8221;1725&#8243; img_size=&#8221;medium&#8221; alignment=&#8221;center&#8221;][\/vc_column_inner][\/vc_row_inner][\/vc_column][\/vc_row][vc_row][vc_column][vc_empty_space height=&#8221;50px&#8221;][\/vc_column][\/vc_row][vc_row full_width=&#8221;stretch_row&#8221; css_animation=&#8221;fadeIn&#8221; css=&#8221;.vc_custom_1616659821902{background-color: #e3e3e3 !important;}&#8221;][vc_column][vc_separator color=&#8221;black&#8221; align=&#8221;align_left&#8221; border_width=&#8221;2&#8243; el_width=&#8221;40&#8243; css_animation=&#8221;fadeIn&#8221;][vc_column_text css_animation=&#8221;fadeIn&#8221;]<\/p>\n<h2 style=\"text-align: left;\">NOTRE ENGAGEMENT QUALIT\u00c9<\/h2>\n<p>[\/vc_column_text][vc_column_text css_animation=&#8221;fadeIn&#8221;]<\/p>\n<p style=\"text-align: justify;\">Notre bureau d\u2019\u00e9tudes favorise la pluridisciplinarit\u00e9 de l&#8217;\u00e9quipe offrant ainsi polyvalence, souplesse et r\u00e9activit\u00e9.<\/p>\n<p style=\"text-align: justify;\">L\u2019\u00e9coute des besoins et la satisfaction de nos clients comme de nos partenaires est primordiale et constitue un pilier fort de notre bureau d\u2019\u00e9tudes.<\/p>\n<p style=\"text-align: justify;\">Les proc\u00e9dures de gestion et de suivi de projets sont issues de la norme ISO 9001 permettant d\u2019assurer le niveau de qualit\u00e9 attendu par nos clients.<\/p>\n<p>[\/vc_column_text][vc_row_inner content_placement=&#8221;middle&#8221;][vc_column_inner width=&#8221;1\/4&#8243;][vc_single_image image=&#8221;1758&#8243; alignment=&#8221;center&#8221; css_animation=&#8221;fadeIn&#8221;][\/vc_column_inner][vc_column_inner width=&#8221;3\/4&#8243;][vc_column_text css_animation=&#8221;fadeIn&#8221;]<\/p>\n<p style=\"text-align: justify;\">ELITEAM INGENIOSITE est reconnu organisme de recherche priv\u00e9 et agr\u00e9\u00e9 &#8220;Cr\u00e9dit Imp\u00f4t Recherche&#8221; ce qui permet \u00e0 nos clients de b\u00e9n\u00e9ficier d&#8217;un cr\u00e9dit Imp\u00f4t pour les travaux men\u00e9s par notre cellule R&amp;D, dans le cadre de leur programme de R&amp;D.<\/p>\n<p>[\/vc_column_text][\/vc_column_inner][\/vc_row_inner][vc_row_inner content_placement=&#8221;middle&#8221;][vc_column_inner width=&#8221;1\/4&#8243;][vc_single_image image=&#8221;1759&#8243; img_size=&#8221;292&#215;221&#8243; alignment=&#8221;center&#8221; css_animation=&#8221;fadeIn&#8221;][\/vc_column_inner][vc_column_inner width=&#8221;3\/4&#8243;][vc_column_text css_animation=&#8221;fadeIn&#8221;]<\/p>\n<p style=\"text-align: justify;\">Notre bureau d\u2019\u00e9tudes a pour ambition d\u2019obtenir la triple Certification ISO, lors du renouvellement de la certification ISO de sa soci\u00e9t\u00e9 s\u0153ur ELITEAM ENERGY.<\/p>\n<p>[\/vc_column_text][\/vc_column_inner][\/vc_row_inner][\/vc_column][\/vc_row][vc_row][vc_column][vc_empty_space height=&#8221;50px&#8221;][\/vc_column][\/vc_row][vc_row][vc_column][vc_separator color=&#8221;black&#8221; align=&#8221;align_left&#8221; border_width=&#8221;2&#8243; el_width=&#8221;40&#8243; css_animation=&#8221;fadeIn&#8221;][vc_column_text css_animation=&#8221;fadeIn&#8221;]<\/p>\n<h2 style=\"text-align: left;\">UN PARTENARIAT QUI DURE DEPUIS 12 ANS<\/h2>\n<p>[\/vc_column_text][vc_column_text]Depuis plus de 12 ans, <strong>le groupe Liebherr<\/strong> nous confie la r\u00e9alisation de ses projets d&#8217;\u00e9tude et de R&amp;D.<br \/>\nFaites comme eux, et contactez-nous ![\/vc_column_text][vc_single_image image=&#8221;1761&#8243; img_size=&#8221;medium&#8221; alignment=&#8221;center&#8221; css_animation=&#8221;fadeInUp&#8221;][\/vc_column][\/vc_row][vc_row][vc_column][vc_empty_space height=&#8221;50px&#8221;][\/vc_column][\/vc_row][vc_row full_width=&#8221;stretch_row&#8221; css_animation=&#8221;fadeIn&#8221; css=&#8221;.vc_custom_1616660137775{background-color: #273462 !important;}&#8221;][vc_column][vc_empty_space height=&#8221;50px&#8221;][vc_single_image image=&#8221;1763&#8243; img_size=&#8221;large&#8221; alignment=&#8221;center&#8221; css_animation=&#8221;fadeInUp&#8221;][vc_empty_space height=&#8221;50px&#8221;][\/vc_column][\/vc_row]<\/p>","protected":false},"excerpt":{"rendered":"<p>Sorry, this entry is only available in Fran\u00e7ais. For the sake of viewer convenience, the content is shown below in the alternative language. You may click the link to switch [&hellip;]<\/p>\n","protected":false},"author":1,"featured_media":0,"parent":0,"menu_order":0,"comment_status":"closed","ping_status":"closed","template":"","meta":{"footnotes":""},"class_list":["post-1669","page","type-page","status-publish","hentry"],"_links":{"self":[{"href":"https:\/\/eliteam.eu\/en\/wp-json\/wp\/v2\/pages\/1669","targetHints":{"allow":["GET"]}}],"collection":[{"href":"https:\/\/eliteam.eu\/en\/wp-json\/wp\/v2\/pages"}],"about":[{"href":"https:\/\/eliteam.eu\/en\/wp-json\/wp\/v2\/types\/page"}],"author":[{"embeddable":true,"href":"https:\/\/eliteam.eu\/en\/wp-json\/wp\/v2\/users\/1"}],"replies":[{"embeddable":true,"href":"https:\/\/eliteam.eu\/en\/wp-json\/wp\/v2\/comments?post=1669"}],"version-history":[{"count":72,"href":"https:\/\/eliteam.eu\/en\/wp-json\/wp\/v2\/pages\/1669\/revisions"}],"predecessor-version":[{"id":1955,"href":"https:\/\/eliteam.eu\/en\/wp-json\/wp\/v2\/pages\/1669\/revisions\/1955"}],"wp:attachment":[{"href":"https:\/\/eliteam.eu\/en\/wp-json\/wp\/v2\/media?parent=1669"}],"curies":[{"name":"wp","href":"https:\/\/api.w.org\/{rel}","templated":true}]}}