{"id":482,"date":"2018-09-18T16:16:32","date_gmt":"2018-09-18T14:16:32","guid":{"rendered":"http:\/\/eliteam.eu\/postes\/"},"modified":"2022-05-27T10:53:37","modified_gmt":"2022-05-27T08:53:37","slug":"recrutement","status":"publish","type":"page","link":"https:\/\/eliteam.eu\/en\/recrutement\/","title":{"rendered":"Jobs"},"content":{"rendered":"<p class=\"qtranxs-available-languages-message qtranxs-available-languages-message-en\">Sorry, this entry is only available in <a href=\"https:\/\/eliteam.eu\/fr\/wp-json\/wp\/v2\/pages\/482\" class=\"qtranxs-available-language-link qtranxs-available-language-link-fr\" title=\"Fran\u00e7ais\">Fran\u00e7ais<\/a>. For the sake of viewer convenience, the content is shown below in the alternative language. You may click the link to switch the active language.<\/p><p>[vc_row full_width=&#8221;stretch_row_content_no_spaces&#8221; content_placement=&#8221;middle&#8221; css=&#8221;.vc_custom_1615886530923{background-image: url(https:\/\/eliteam.eu\/wp-content\/uploads\/2021\/03\/eliteam-recrutement-scaled.jpg?id=1808) !important;background-position: center !important;background-repeat: no-repeat !important;background-size: cover !important;}&#8221;][vc_column][vc_empty_space height=&#8221;100px&#8221;][vc_column_text css_animation=&#8221;fadeInDown&#8221;]<\/p>\n<h2 style=\"text-align: center;\"><span style=\"font-size: 36pt; color: #ffffff;\"><strong>RECRUTEMENT<\/strong><\/span><\/h2>\n<p>[\/vc_column_text][vc_empty_space height=&#8221;100px&#8221;][\/vc_column][\/vc_row][vc_row css_animation=&#8221;fadeIn&#8221;][vc_column]<div data-enable_animator='all' class='wpb_animate_when_almost_visible gambit-css-animation flip-3d-vertical ' style='-webkit-animation-duration: 2s;-moz-animation-duration: 2s;-ms-animation-duration: 2s;-o-animation-duration: 2s;animation-duration: 2s;-webkit-transition-duration: 2s;-moz-transition-duration: 2s;-ms-transition-duration: 2s;-o-transition-duration: 2s;transition-duration: 2s;opacity: 0;-webkit-animation-delay: 0.1s;-moz-animation-delay: 0.1s;-ms-animation-delay: 0.1s;-o-animation-delay: 0.1s;animation-delay: 0.1s;-webkit-transition-delay: 0.1s;-moz-transition-delay: 0.1s;-ms-transition-delay: 0.1s;-o-transition-delay: 0.1s;transition-delay: 0.1s'>[vc_empty_space height=&#8221;50px&#8221;][vc_column_text el_class=&#8221;spontane&#8221;]<\/p>\n<p style=\"text-align: center;\"><span style=\"font-family: 'arial black', sans-serif; font-size: 18pt;\"><strong>D\u00e9posez votre<br \/>\n<\/strong><\/span><span style=\"font-family: 'arial black', sans-serif; font-size: 18pt;\"><strong><a href=\"https:\/\/app.hellotalent.com\/applicationForm?key=940a6a78-b5d7-4de6-80a4-cb466c9edfec\" target=\"_blank\" rel=\"noopener noreferrer\">&gt;&gt; Candidature spontan\u00e9e &lt;&lt;<\/a><\/strong><\/span><\/p>\n<p>[\/vc_column_text][vc_empty_space height=&#8221;50px&#8221;]<\/div>[\/vc_column][\/vc_row][vc_row][vc_column]<div data-enable_animator='all' class='wpb_animate_when_almost_visible gambit-css-animation fade-in ' style='-webkit-animation-duration: 2s;-moz-animation-duration: 2s;-ms-animation-duration: 2s;-o-animation-duration: 2s;animation-duration: 2s;-webkit-transition-duration: 2s;-moz-transition-duration: 2s;-ms-transition-duration: 2s;-o-transition-duration: 2s;transition-duration: 2s;opacity: 0;-webkit-animation-delay: 0.1s;-moz-animation-delay: 0.1s;-ms-animation-delay: 0.1s;-o-animation-delay: 0.1s;animation-delay: 0.1s;-webkit-transition-delay: 0.1s;-moz-transition-delay: 0.1s;-ms-transition-delay: 0.1s;-o-transition-delay: 0.1s;transition-delay: 0.1s'>[vc_separator color=&#8221;black&#8221; border_width=&#8221;3&#8243; el_width=&#8221;60&#8243; css_animation=&#8221;none&#8221;]<\/div><div data-enable_animator='all' class='wpb_animate_when_almost_visible gambit-css-animation slide-elastic-to-top ' style='-webkit-animation-duration: 2s;-moz-animation-duration: 2s;-ms-animation-duration: 2s;-o-animation-duration: 2s;animation-duration: 2s;-webkit-transition-duration: 2s;-moz-transition-duration: 2s;-ms-transition-duration: 2s;-o-transition-duration: 2s;transition-duration: 2s;opacity: 0;-webkit-animation-delay: 0.1s;-moz-animation-delay: 0.1s;-ms-animation-delay: 0.1s;-o-animation-delay: 0.1s;animation-delay: 0.1s;-webkit-transition-delay: 0.1s;-moz-transition-delay: 0.1s;-ms-transition-delay: 0.1s;-o-transition-delay: 0.1s;transition-delay: 0.1s'>[vc_column_text css_animation=&#8221;fadeInDown&#8221;]<\/p>\n<h3 style=\"text-align: center;\">OFFRES D&#8217;EMPLOIS<\/h3>\n<p>[\/vc_column_text]<\/div>[\/vc_column][\/vc_row][vc_row][vc_column]<div data-enable_animator='all' class='wpb_animate_when_almost_visible gambit-css-animation fade-in ' style='-webkit-animation-duration: 2s;-moz-animation-duration: 2s;-ms-animation-duration: 2s;-o-animation-duration: 2s;animation-duration: 2s;-webkit-transition-duration: 2s;-moz-transition-duration: 2s;-ms-transition-duration: 2s;-o-transition-duration: 2s;transition-duration: 2s;opacity: 0;-webkit-animation-delay: 0.1s;-moz-animation-delay: 0.1s;-ms-animation-delay: 0.1s;-o-animation-delay: 0.1s;animation-delay: 0.1s;-webkit-transition-delay: 0.1s;-moz-transition-delay: 0.1s;-ms-transition-delay: 0.1s;-o-transition-delay: 0.1s;transition-delay: 0.1s'>[vc_single_image image=&#8221;852&#8243; img_size=&#8221;medium&#8221; alignment=&#8221;center&#8221; css_animation=&#8221;none&#8221;]<\/div><div data-enable_animator='all' class='wpb_animate_when_almost_visible gambit-css-animation size-shrink-2d ' style='-webkit-animation-duration: 2s;-moz-animation-duration: 2s;-ms-animation-duration: 2s;-o-animation-duration: 2s;animation-duration: 2s;-webkit-transition-duration: 2s;-moz-transition-duration: 2s;-ms-transition-duration: 2s;-o-transition-duration: 2s;transition-duration: 2s;opacity: 0;-webkit-animation-delay: 0.1s;-moz-animation-delay: 0.1s;-ms-animation-delay: 0.1s;-o-animation-delay: 0.1s;animation-delay: 0.1s;-webkit-transition-delay: 0.1s;-moz-transition-delay: 0.1s;-ms-transition-delay: 0.1s;-o-transition-delay: 0.1s;transition-delay: 0.1s'>[vc_cta h2=&#8221;Projeteur Installation G\u00e9n\u00e9rale (H\/F)&#8221; h4=&#8221;Eliteam Agility&#8221; txt_align=&#8221;center&#8221; el_width=&#8221;xs&#8221; add_button=&#8221;bottom&#8221; btn_title=&#8221;+ d&#8217;Infos&#8221; btn_color=&#8221;info&#8221; btn_align=&#8221;center&#8221; btn_i_icon_fontawesome=&#8221;fas fa-info-circle&#8221; css_animation=&#8221;fadeInLeft&#8221; btn_add_icon=&#8221;true&#8221; btn_link=&#8221;url:https%3A%2F%2Fapp.hellotalent.com%2Fvacancy%2Fprojeteur-installation-generale-ed812254c|target:_blank&#8221; el_class=&#8221;recru-laura&#8221;]CDI &#8211; B\u00e2le[\/vc_cta]<\/div>[vc_empty_space]<div data-enable_animator='all' class='wpb_animate_when_almost_visible gambit-css-animation fade-in ' style='-webkit-animation-duration: 2s;-moz-animation-duration: 2s;-ms-animation-duration: 2s;-o-animation-duration: 2s;animation-duration: 2s;-webkit-transition-duration: 2s;-moz-transition-duration: 2s;-ms-transition-duration: 2s;-o-transition-duration: 2s;transition-duration: 2s;opacity: 0;-webkit-animation-delay: 0.1s;-moz-animation-delay: 0.1s;-ms-animation-delay: 0.1s;-o-animation-delay: 0.1s;animation-delay: 0.1s;-webkit-transition-delay: 0.1s;-moz-transition-delay: 0.1s;-ms-transition-delay: 0.1s;-o-transition-delay: 0.1s;transition-delay: 0.1s'>[vc_single_image image=&#8221;854&#8243; img_size=&#8221;medium&#8221; alignment=&#8221;center&#8221; css_animation=&#8221;none&#8221;]<\/div><div data-enable_animator='all' class='wpb_animate_when_almost_visible gambit-css-animation size-shrink-2d ' style='-webkit-animation-duration: 2s;-moz-animation-duration: 2s;-ms-animation-duration: 2s;-o-animation-duration: 2s;animation-duration: 2s;-webkit-transition-duration: 2s;-moz-transition-duration: 2s;-ms-transition-duration: 2s;-o-transition-duration: 2s;transition-duration: 2s;opacity: 0;-webkit-animation-delay: 0.1s;-moz-animation-delay: 0.1s;-ms-animation-delay: 0.1s;-o-animation-delay: 0.1s;animation-delay: 0.1s;-webkit-transition-delay: 0.1s;-moz-transition-delay: 0.1s;-ms-transition-delay: 0.1s;-o-transition-delay: 0.1s;transition-delay: 0.1s'>[vc_cta h2=&#8221;Technicien Electrotechnique (H\/F)&#8221; h4=&#8221;Eliteam Ing\u00e9niosit\u00e9&#8221; txt_align=&#8221;center&#8221; el_width=&#8221;xs&#8221; add_button=&#8221;bottom&#8221; btn_title=&#8221;+ d&#8217;Infos&#8221; btn_color=&#8221;info&#8221; btn_align=&#8221;center&#8221; btn_i_icon_fontawesome=&#8221;fas fa-info-circle&#8221; css_animation=&#8221;fadeInLeft&#8221; btn_add_icon=&#8221;true&#8221; btn_link=&#8221;url:https%3A%2F%2Fapp.hellotalent.com%2Fvacancy%2Ftechnicien-electrotechnique-ed9d8e0ee|target:_blank&#8221; el_class=&#8221;recru-laura&#8221;]CDI &#8211; Donauw\u00f6rth (Bavi\u00e8re &#8211; Allemagne)[\/vc_cta]<\/div><div data-enable_animator='all' class='wpb_animate_when_almost_visible gambit-css-animation size-shrink-2d ' style='-webkit-animation-duration: 2s;-moz-animation-duration: 2s;-ms-animation-duration: 2s;-o-animation-duration: 2s;animation-duration: 2s;-webkit-transition-duration: 2s;-moz-transition-duration: 2s;-ms-transition-duration: 2s;-o-transition-duration: 2s;transition-duration: 2s;opacity: 0;-webkit-animation-delay: 0.1s;-moz-animation-delay: 0.1s;-ms-animation-delay: 0.1s;-o-animation-delay: 0.1s;animation-delay: 0.1s;-webkit-transition-delay: 0.1s;-moz-transition-delay: 0.1s;-ms-transition-delay: 0.1s;-o-transition-delay: 0.1s;transition-delay: 0.1s'>[vc_cta h2=&#8221;Ing\u00e9nieur M\u00e9catronique (H\/F)&#8221; h4=&#8221;Eliteam Ing\u00e9niosit\u00e9&#8221; txt_align=&#8221;center&#8221; el_width=&#8221;xs&#8221; add_button=&#8221;bottom&#8221; btn_title=&#8221;+ d&#8217;Infos&#8221; btn_color=&#8221;info&#8221; btn_align=&#8221;center&#8221; btn_i_icon_fontawesome=&#8221;fas fa-info-circle&#8221; css_animation=&#8221;fadeInLeft&#8221; btn_add_icon=&#8221;true&#8221; btn_link=&#8221;url:https%3A%2F%2Fapp.hellotalent.com%2Fvacancy%2Fingenieur-mecatronique-ed9c3aebf|target:_blank&#8221; el_class=&#8221;recru-laura&#8221;]CDI &#8211; Centre Alsace (68)[\/vc_cta]<\/div><div data-enable_animator='all' class='wpb_animate_when_almost_visible gambit-css-animation size-shrink-2d ' style='-webkit-animation-duration: 2s;-moz-animation-duration: 2s;-ms-animation-duration: 2s;-o-animation-duration: 2s;animation-duration: 2s;-webkit-transition-duration: 2s;-moz-transition-duration: 2s;-ms-transition-duration: 2s;-o-transition-duration: 2s;transition-duration: 2s;opacity: 0;-webkit-animation-delay: 0.1s;-moz-animation-delay: 0.1s;-ms-animation-delay: 0.1s;-o-animation-delay: 0.1s;animation-delay: 0.1s;-webkit-transition-delay: 0.1s;-moz-transition-delay: 0.1s;-ms-transition-delay: 0.1s;-o-transition-delay: 0.1s;transition-delay: 0.1s'>[vc_cta h2=&#8221;Dessinateur Projeteur M\u00e9canique (H\/F)&#8221; h4=&#8221;Eliteam Ing\u00e9niosit\u00e9&#8221; txt_align=&#8221;center&#8221; el_width=&#8221;xs&#8221; add_button=&#8221;bottom&#8221; btn_title=&#8221;+ d&#8217;Infos&#8221; btn_color=&#8221;info&#8221; btn_align=&#8221;center&#8221; btn_i_icon_fontawesome=&#8221;fas fa-info-circle&#8221; css_animation=&#8221;fadeInLeft&#8221; btn_add_icon=&#8221;true&#8221; btn_link=&#8221;url:https%3A%2F%2Fapp.hellotalent.com%2Fvacancy%2Fdessinateur-projeteur-mecanique-hf-ed9b40d80|target:_blank&#8221; el_class=&#8221;recru-laura&#8221;]CDI &#8211; Centre Alsace (68)[\/vc_cta]<\/div><div data-enable_animator='all' class='wpb_animate_when_almost_visible gambit-css-animation size-shrink-2d ' style='-webkit-animation-duration: 2s;-moz-animation-duration: 2s;-ms-animation-duration: 2s;-o-animation-duration: 2s;animation-duration: 2s;-webkit-transition-duration: 2s;-moz-transition-duration: 2s;-ms-transition-duration: 2s;-o-transition-duration: 2s;transition-duration: 2s;opacity: 0;-webkit-animation-delay: 0.1s;-moz-animation-delay: 0.1s;-ms-animation-delay: 0.1s;-o-animation-delay: 0.1s;animation-delay: 0.1s;-webkit-transition-delay: 0.1s;-moz-transition-delay: 0.1s;-ms-transition-delay: 0.1s;-o-transition-delay: 0.1s;transition-delay: 0.1s'>[vc_cta h2=&#8221;Projeteur \u00e9lectricit\u00e9\/\u00e9lectrotechnique (H\/F)&#8221; h4=&#8221;Eliteam Ing\u00e9niosit\u00e9&#8221; txt_align=&#8221;center&#8221; el_width=&#8221;xs&#8221; add_button=&#8221;bottom&#8221; btn_title=&#8221;+ d&#8217;Infos&#8221; btn_color=&#8221;info&#8221; btn_align=&#8221;center&#8221; btn_i_icon_fontawesome=&#8221;fas fa-info-circle&#8221; css_animation=&#8221;fadeInLeft&#8221; btn_add_icon=&#8221;true&#8221; btn_link=&#8221;url:https%3A%2F%2Fapp.hellotalent.com%2Fvacancy%2Fprojeteur-electrique-ed9a04047|target:_blank&#8221; el_class=&#8221;recru-laura&#8221;]CDI &#8211; Secteur Lyon (69)[\/vc_cta]<\/div><div data-enable_animator='all' class='wpb_animate_when_almost_visible gambit-css-animation size-shrink-2d ' style='-webkit-animation-duration: 2s;-moz-animation-duration: 2s;-ms-animation-duration: 2s;-o-animation-duration: 2s;animation-duration: 2s;-webkit-transition-duration: 2s;-moz-transition-duration: 2s;-ms-transition-duration: 2s;-o-transition-duration: 2s;transition-duration: 2s;opacity: 0;-webkit-animation-delay: 0.1s;-moz-animation-delay: 0.1s;-ms-animation-delay: 0.1s;-o-animation-delay: 0.1s;animation-delay: 0.1s;-webkit-transition-delay: 0.1s;-moz-transition-delay: 0.1s;-ms-transition-delay: 0.1s;-o-transition-delay: 0.1s;transition-delay: 0.1s'>[vc_cta h2=&#8221;Ing\u00e9nieur test et validation (H\/F)&#8221; h4=&#8221;Eliteam Ing\u00e9niosit\u00e9&#8221; txt_align=&#8221;center&#8221; el_width=&#8221;xs&#8221; add_button=&#8221;bottom&#8221; btn_title=&#8221;+ d&#8217;Infos&#8221; btn_color=&#8221;info&#8221; btn_align=&#8221;center&#8221; btn_i_icon_fontawesome=&#8221;fas fa-info-circle&#8221; css_animation=&#8221;fadeInLeft&#8221; btn_add_icon=&#8221;true&#8221; btn_link=&#8221;url:https%3A%2F%2Fapp.hellotalent.com%2Fvacancy%2Fingenieur-mecanicien-ed9d8e907|target:_blank&#8221; el_class=&#8221;recru-laura&#8221;]CDI &#8211; Donauw\u00f6rth (Bavi\u00e8re \u2013 Allemagne)[\/vc_cta]<\/div><div data-enable_animator='all' class='wpb_animate_when_almost_visible gambit-css-animation size-shrink-2d ' style='-webkit-animation-duration: 2s;-moz-animation-duration: 2s;-ms-animation-duration: 2s;-o-animation-duration: 2s;animation-duration: 2s;-webkit-transition-duration: 2s;-moz-transition-duration: 2s;-ms-transition-duration: 2s;-o-transition-duration: 2s;transition-duration: 2s;opacity: 0;-webkit-animation-delay: 0.1s;-moz-animation-delay: 0.1s;-ms-animation-delay: 0.1s;-o-animation-delay: 0.1s;animation-delay: 0.1s;-webkit-transition-delay: 0.1s;-moz-transition-delay: 0.1s;-ms-transition-delay: 0.1s;-o-transition-delay: 0.1s;transition-delay: 0.1s'>[vc_cta h2=&#8221;Projeteur PDMS (H\/F)&#8221; h4=&#8221;Eliteam Ing\u00e9niosit\u00e9&#8221; txt_align=&#8221;center&#8221; el_width=&#8221;xs&#8221; add_button=&#8221;bottom&#8221; btn_title=&#8221;+ d&#8217;Infos&#8221; btn_color=&#8221;info&#8221; btn_align=&#8221;center&#8221; btn_i_icon_fontawesome=&#8221;fas fa-info-circle&#8221; css_animation=&#8221;fadeInLeft&#8221; btn_add_icon=&#8221;true&#8221; btn_link=&#8221;url:https%3A%2F%2Fapp.hellotalent.com%2Fvacancy%2Fprojeteur-pdms-ed9a03a7d|target:_blank&#8221; el_class=&#8221;recru-laura&#8221;]CDI &#8211; Secteur Lyon (69)[\/vc_cta]<\/div><div data-enable_animator='all' class='wpb_animate_when_almost_visible gambit-css-animation size-shrink-2d ' style='-webkit-animation-duration: 2s;-moz-animation-duration: 2s;-ms-animation-duration: 2s;-o-animation-duration: 2s;animation-duration: 2s;-webkit-transition-duration: 2s;-moz-transition-duration: 2s;-ms-transition-duration: 2s;-o-transition-duration: 2s;transition-duration: 2s;opacity: 0;-webkit-animation-delay: 0.1s;-moz-animation-delay: 0.1s;-ms-animation-delay: 0.1s;-o-animation-delay: 0.1s;animation-delay: 0.1s;-webkit-transition-delay: 0.1s;-moz-transition-delay: 0.1s;-ms-transition-delay: 0.1s;-o-transition-delay: 0.1s;transition-delay: 0.1s'>[vc_cta h2=&#8221;Technicien Qualit\u00e9 Fournisseur (H\/F)&#8221; h4=&#8221;Eliteam Ing\u00e9niosit\u00e9&#8221; txt_align=&#8221;center&#8221; el_width=&#8221;xs&#8221; add_button=&#8221;bottom&#8221; btn_title=&#8221;+ d&#8217;Infos&#8221; btn_color=&#8221;info&#8221; btn_align=&#8221;center&#8221; btn_i_icon_fontawesome=&#8221;fas fa-info-circle&#8221; css_animation=&#8221;fadeInLeft&#8221; btn_add_icon=&#8221;true&#8221; btn_link=&#8221;url:https%3A%2F%2Fapp.hellotalent.com%2Fvacancy%2Ftechnicien-qualite-fournisseur-ed9f99e46|target:_blank&#8221; el_class=&#8221;recru-laura&#8221;]CDI &#8211; Centre Alsace (68)[\/vc_cta]<\/div><div data-enable_animator='all' class='wpb_animate_when_almost_visible gambit-css-animation size-shrink-2d ' style='-webkit-animation-duration: 2s;-moz-animation-duration: 2s;-ms-animation-duration: 2s;-o-animation-duration: 2s;animation-duration: 2s;-webkit-transition-duration: 2s;-moz-transition-duration: 2s;-ms-transition-duration: 2s;-o-transition-duration: 2s;transition-duration: 2s;opacity: 0;-webkit-animation-delay: 0.1s;-moz-animation-delay: 0.1s;-ms-animation-delay: 0.1s;-o-animation-delay: 0.1s;animation-delay: 0.1s;-webkit-transition-delay: 0.1s;-moz-transition-delay: 0.1s;-ms-transition-delay: 0.1s;-o-transition-delay: 0.1s;transition-delay: 0.1s'>[vc_cta h2=&#8221;Charg\u00e9 d&#8217;\u00e9tudes en \u00e9lectricit\u00e9 (H\/F)&#8221; h4=&#8221;Eliteam Ing\u00e9niosit\u00e9&#8221; txt_align=&#8221;center&#8221; el_width=&#8221;xs&#8221; add_button=&#8221;bottom&#8221; btn_title=&#8221;+ d&#8217;Infos&#8221; btn_color=&#8221;info&#8221; btn_align=&#8221;center&#8221; btn_i_icon_fontawesome=&#8221;fas fa-info-circle&#8221; css_animation=&#8221;fadeInLeft&#8221; btn_add_icon=&#8221;true&#8221; btn_link=&#8221;url:https%3A%2F%2Fapp.hellotalent.com%2Fvacancy%2Fcharge-detudes-en-electricite-ed9f9b200|target:_blank&#8221; el_class=&#8221;recru-laura&#8221;]CDI &#8211; Secteur Mont\u00e9limar (26)[\/vc_cta]<\/div><div data-enable_animator='all' class='wpb_animate_when_almost_visible gambit-css-animation size-shrink-2d ' style='-webkit-animation-duration: 2s;-moz-animation-duration: 2s;-ms-animation-duration: 2s;-o-animation-duration: 2s;animation-duration: 2s;-webkit-transition-duration: 2s;-moz-transition-duration: 2s;-ms-transition-duration: 2s;-o-transition-duration: 2s;transition-duration: 2s;opacity: 0;-webkit-animation-delay: 0.1s;-moz-animation-delay: 0.1s;-ms-animation-delay: 0.1s;-o-animation-delay: 0.1s;animation-delay: 0.1s;-webkit-transition-delay: 0.1s;-moz-transition-delay: 0.1s;-ms-transition-delay: 0.1s;-o-transition-delay: 0.1s;transition-delay: 0.1s'>[vc_cta h2=&#8221;Responsable de Production (H\/F)&#8221; h4=&#8221;Eliteam Ing\u00e9niosit\u00e9&#8221; txt_align=&#8221;center&#8221; el_width=&#8221;xs&#8221; add_button=&#8221;bottom&#8221; btn_title=&#8221;+ d&#8217;Infos&#8221; btn_color=&#8221;info&#8221; btn_align=&#8221;center&#8221; btn_i_icon_fontawesome=&#8221;fas fa-info-circle&#8221; css_animation=&#8221;fadeInLeft&#8221; btn_add_icon=&#8221;true&#8221; btn_link=&#8221;url:https%3A%2F%2Fapp.hellotalent.com%2Fvacancy%2Fresponsable-de-production-eda198fdd|target:_blank&#8221; el_class=&#8221;recru-laura&#8221;]CDI &#8211; Wittelsheim (68)[\/vc_cta]<\/div><div data-enable_animator='all' class='wpb_animate_when_almost_visible gambit-css-animation size-shrink-2d ' style='-webkit-animation-duration: 2s;-moz-animation-duration: 2s;-ms-animation-duration: 2s;-o-animation-duration: 2s;animation-duration: 2s;-webkit-transition-duration: 2s;-moz-transition-duration: 2s;-ms-transition-duration: 2s;-o-transition-duration: 2s;transition-duration: 2s;opacity: 0;-webkit-animation-delay: 0.1s;-moz-animation-delay: 0.1s;-ms-animation-delay: 0.1s;-o-animation-delay: 0.1s;animation-delay: 0.1s;-webkit-transition-delay: 0.1s;-moz-transition-delay: 0.1s;-ms-transition-delay: 0.1s;-o-transition-delay: 0.1s;transition-delay: 0.1s'>[vc_cta h2=&#8221;Dessinateur Projeteur Electricit\u00e9 CFO\/CFA (H\/F)&#8221; h4=&#8221;Eliteam Ing\u00e9niosit\u00e9&#8221; txt_align=&#8221;center&#8221; el_width=&#8221;xs&#8221; add_button=&#8221;bottom&#8221; btn_title=&#8221;+ d&#8217;Infos&#8221; btn_color=&#8221;info&#8221; btn_align=&#8221;center&#8221; btn_i_icon_fontawesome=&#8221;fas fa-info-circle&#8221; css_animation=&#8221;fadeInLeft&#8221; btn_add_icon=&#8221;true&#8221; btn_link=&#8221;url:https%3A%2F%2Fapp.hellotalent.com%2Fvacancy%2Fdessinateur-projeteur-cfocfa-eda198c5d%20|target:_blank&#8221; el_class=&#8221;recru-laura&#8221;]CDI &#8211; Wittelsheim (68)<\/p>\n<p>Prestation \u00e0 assurer sur le secteur d&#8217;Aix-en-Provence[\/vc_cta]<\/div>[\/vc_column][\/vc_row]<\/p>","protected":false},"excerpt":{"rendered":"<p>Sorry, this entry is only available in Fran\u00e7ais. For the sake of viewer convenience, the content is shown below in the alternative language. You may click the link to switch [&hellip;]<\/p>\n","protected":false},"author":1,"featured_media":0,"parent":0,"menu_order":0,"comment_status":"closed","ping_status":"closed","template":"template-fullwidth.php","meta":{"footnotes":""},"class_list":["post-482","page","type-page","status-publish","hentry"],"_links":{"self":[{"href":"https:\/\/eliteam.eu\/en\/wp-json\/wp\/v2\/pages\/482","targetHints":{"allow":["GET"]}}],"collection":[{"href":"https:\/\/eliteam.eu\/en\/wp-json\/wp\/v2\/pages"}],"about":[{"href":"https:\/\/eliteam.eu\/en\/wp-json\/wp\/v2\/types\/page"}],"author":[{"embeddable":true,"href":"https:\/\/eliteam.eu\/en\/wp-json\/wp\/v2\/users\/1"}],"replies":[{"embeddable":true,"href":"https:\/\/eliteam.eu\/en\/wp-json\/wp\/v2\/comments?post=482"}],"version-history":[{"count":135,"href":"https:\/\/eliteam.eu\/en\/wp-json\/wp\/v2\/pages\/482\/revisions"}],"predecessor-version":[{"id":1983,"href":"https:\/\/eliteam.eu\/en\/wp-json\/wp\/v2\/pages\/482\/revisions\/1983"}],"wp:attachment":[{"href":"https:\/\/eliteam.eu\/en\/wp-json\/wp\/v2\/media?parent=482"}],"curies":[{"name":"wp","href":"https:\/\/api.w.org\/{rel}","templated":true}]}}