{"id":520,"date":"2018-09-18T17:57:03","date_gmt":"2018-09-18T15:57:03","guid":{"rendered":"http:\/\/eliteam.eu\/?page_id=520"},"modified":"2022-04-18T15:38:08","modified_gmt":"2022-04-18T13:38:08","slug":"eliteam-energy","status":"publish","type":"page","link":"https:\/\/eliteam.eu\/en\/eliteam-energy\/","title":{"rendered":"Eliteam Energy"},"content":{"rendered":"<p>[\/vc_column_text][\/vc_column][\/vc_row][vc_row full_width=&#8221;stretch_row_content_no_spaces&#8221; content_placement=&#8221;middle&#8221;][vc_column][vc_empty_space height=&#8221;100px&#8221;][vc_single_image image=&#8221;853&#8243; img_size=&#8221;large&#8221; alignment=&#8221;center&#8221; onclick=&#8221;link_image&#8221;][vc_column_text]<\/p>\n<h2 style=\"text-align: center;\">Sp\u00e9cialistes dans les domaines de la production, du transport et de la distribution d\u2019\u00e9nergie<\/h2>\n<p>[\/vc_column_text][\/vc_column][\/vc_row][vc_row][vc_column][vc_empty_space height=&#8221;80px&#8221;][vc_separator color=&#8221;custom&#8221; border_width=&#8221;2&#8243; el_width=&#8221;30&#8243; accent_color=&#8221;#f58220&#8243;][vc_empty_space height=&#8221;50px&#8221;][\/vc_column][\/vc_row][vc_row][vc_column][vc_column_text]<\/p>\n<h2 style=\"text-align: center;\"><strong>NOS DOMAINES D&#8217;INTERVENTION<\/strong><\/h2>\n<p>[\/vc_column_text][vc_empty_space height=&#8221;50px&#8221;][\/vc_column][\/vc_row][vc_row full_width=&#8221;stretch_row&#8221; gap=&#8221;35&#8243; equal_height=&#8221;yes&#8221; content_placement=&#8221;middle&#8221; css=&#8221;.vc_custom_1537367719610{background-color: #d8d8d8 !important;}&#8221;][vc_column parallax=&#8221;content-moving&#8221; width=&#8221;2\/3&#8243; css=&#8221;.vc_custom_1537367047782{padding-top: 20px !important;padding-right: 20px !important;padding-bottom: 20px !important;padding-left: 20px !important;background-position: 0 0 !important;background-repeat: no-repeat !important;}&#8221;][vc_column_text]<\/p>\n<h2 style=\"text-align: left;\"><span style=\"color: #000000;\"><strong>ASSISTANCE \u00c0 MA\u00ceTRISE D&#8217;OUVRAGE<\/strong><\/span><\/h2>\n<p>&nbsp;<\/p>\n<ul>\n<li><span style=\"color: #000000;\"><strong>R\u00e9daction de cahiers des charges<\/strong><\/span><\/li>\n<li><span style=\"color: #000000;\"><strong>Etablissement des sp\u00e9cifications techniques<\/strong><\/span><\/li>\n<li><span style=\"color: #000000;\"><strong>Etude des solutions techniques \u00e9conomiquement rentables et fiables<\/strong><\/span><\/li>\n<li><span style=\"color: #000000;\"><strong>Organisation du projet et d\u00e9finition du planning<\/strong><\/span><\/li>\n<li><span style=\"color: #000000;\"><strong>Coordination technique avec les autres lots<\/strong><\/span><\/li>\n<li><span style=\"color: #000000;\"><strong>Suivi de la prestation assur\u00e9e par la ma\u00eetrise d\u2019\u0153uvre jusqu\u2019\u00e0 la r\u00e9ception<\/strong><\/span><\/li>\n<li><span style=\"color: #000000;\"><strong>Animation de revue d\u2019avancement avec tous les acteurs en pr\u00e9sence<\/strong><\/span><\/li>\n<\/ul>\n<p>[\/vc_column_text][\/vc_column][vc_column width=&#8221;1\/3&#8243; css=&#8221;.vc_custom_1537367432688{padding-top: 20px !important;padding-right: 20px !important;padding-bottom: 20px !important;padding-left: 20px !important;background-color: rgba(255,255,255,0.65) !important;background-position: 0 0 !important;background-repeat: no-repeat !important;*background-color: rgb(255,255,255) !important;}&#8221;][vc_column_text]<\/p>\n<h3><strong>Exemples de projets :<\/strong><\/h3>\n<p>&nbsp;<\/p>\n<ul>\n<li>Programmation et planification des arr\u00eats de maintenance sur une centrale de production d\u2019\u00e9lectricit\u00e9 en C\u00f4te d\u2019Ivoire comptant 5 lignes de TAG et un cycle combin\u00e9<\/li>\n<li>Supervision de l\u2019installation de nouveaux \u00e9quipements sur barrages hydro\u00e9lectriques en C\u00f4te d\u2019Ivoire de type alternateur ou excitateur<\/li>\n<li>Participation active dans les choix d\u2019investissements de nouvelles lignes de TAG sur une centrale de distribution d\u2019\u00e9lectricit\u00e9 en C\u00f4te d\u2019Ivoire<\/li>\n<\/ul>\n<p>[\/vc_column_text][\/vc_column][\/vc_row][vc_row full_width=&#8221;stretch_row_content&#8221; content_placement=&#8221;middle&#8221; parallax=&#8221;content-moving&#8221; parallax_image=&#8221;538&#8243; parallax_speed_bg=&#8221;3&#8243;][vc_column][vc_empty_space height=&#8221;400px&#8221;][\/vc_column][\/vc_row][vc_row full_width=&#8221;stretch_row&#8221; gap=&#8221;35&#8243; equal_height=&#8221;yes&#8221; content_placement=&#8221;middle&#8221;][vc_column width=&#8221;1\/3&#8243; css=&#8221;.vc_custom_1537368443115{padding-top: 20px !important;padding-right: 20px !important;padding-bottom: 20px !important;padding-left: 20px !important;background-color: #d8d8d8 !important;background-position: 0 0 !important;background-repeat: no-repeat !important;}&#8221;][vc_column_text]<\/p>\n<h3><strong>Exemples de projets :<\/strong><\/h3>\n<p>&nbsp;<\/p>\n<ul>\n<li>Pilotage des \u00e9tudes \u00e9lectriques pour un projet de polym\u00e9risation d\u00e9di\u00e9 au secteur de l\u2019oil &amp; gas en Belgique<\/li>\n<li>Pilotage des \u00e9tudes piping pour une extension de b\u00e2timent pharmaceutique en Suisse<\/li>\n<li>Pilotage d\u2019un programme de d\u00e9veloppement d\u2019une nouvelle pelle mini\u00e8re \u00e9lectrique r\u00e9pondant aux exigences \u00ab Grand Froid \u00bb<\/li>\n<\/ul>\n<p>[\/vc_column_text][\/vc_column][vc_column parallax=&#8221;content-moving&#8221; width=&#8221;2\/3&#8243; css=&#8221;.vc_custom_1537367161416{padding-top: 20px !important;padding-right: 20px !important;padding-bottom: 20px !important;padding-left: 20px !important;background-position: 0 0 !important;background-repeat: no-repeat !important;}&#8221;][vc_column_text]<\/p>\n<h2 style=\"text-align: left;\"><strong>ASSISTANCE \u00c0 MA\u00ceTRISE D&#8217;OEUVRE (PARTIE \u00c9TUDES)<\/strong><\/h2>\n<p>&nbsp;<\/p>\n<ul>\n<li><strong>Analyse du besoin et d\u00e9termination de la solution technique ad\u00e9quate<\/strong><\/li>\n<li><strong>Organisation et planification du projet<\/strong><\/li>\n<li><strong>D\u00e9termination des moyens n\u00e9cessaires en interne et en externe<\/strong><\/li>\n<li><strong>Consultation des entreprises sous-traitantes<\/strong><\/li>\n<li><strong>S\u00e9lection du sous-traitant en fonction des offres techniques et commerciales<\/strong><\/li>\n<li><strong>R\u00e9alisation des \u00e9tudes (\u00e9laboration des plans d\u2019implantation et sch\u00e9mas fonctionnels)<\/strong><\/li>\n<li><strong>Suivi de la prestation assur\u00e9e par les sous-traitants jusqu\u2019\u00e0 la r\u00e9ception<\/strong><\/li>\n<\/ul>\n<p>[\/vc_column_text][\/vc_column][\/vc_row][vc_row full_width=&#8221;stretch_row&#8221; gap=&#8221;35&#8243; equal_height=&#8221;yes&#8221; content_placement=&#8221;middle&#8221; css=&#8221;.vc_custom_1537368635388{background-color: #d8d8d8 !important;}&#8221;][vc_column parallax=&#8221;content-moving&#8221; width=&#8221;2\/3&#8243; css=&#8221;.vc_custom_1537367183206{padding-top: 20px !important;padding-right: 20px !important;padding-bottom: 20px !important;padding-left: 20px !important;background-position: 0 0 !important;background-repeat: no-repeat !important;}&#8221;][vc_column_text]<\/p>\n<h2 style=\"text-align: left;\"><strong>ASSISTANCE \u00c0 MA\u00ceTRISE D\u2019\u0152UVRE (PARTIE TERRAIN)<\/strong><\/h2>\n<p>&nbsp;<\/p>\n<ul>\n<li><strong>Coordination et planification des interventions sur site<\/strong><\/li>\n<li><strong>Animation de revue de projet avec tous les acteurs en pr\u00e9sence<\/strong><\/li>\n<li><strong>Transmission de tous les plans et sch\u00e9mas n\u00e9cessaires au montage<\/strong><\/li>\n<li><strong>Suivi de la prestation de montage, essais et mise en service assur\u00e9e par les sous-traitants<\/strong><\/li>\n<li><strong>Etablissement des r\u00e9serves<\/strong><\/li>\n<li><strong>Lev\u00e9e des r\u00e9serves<\/strong><\/li>\n<li><strong>R\u00e9ception des travaux<\/strong><\/li>\n<\/ul>\n<p>[\/vc_column_text][\/vc_column][vc_column width=&#8221;1\/3&#8243; css=&#8221;.vc_custom_1537367443727{padding-top: 20px !important;padding-right: 20px !important;padding-bottom: 20px !important;padding-left: 20px !important;background-color: rgba(255,255,255,0.65) !important;background-position: 0 0 !important;background-repeat: no-repeat !important;*background-color: rgb(255,255,255) !important;}&#8221;][vc_column_text]<\/p>\n<h3><strong>Exemples de projets :<\/strong><\/h3>\n<p>&nbsp;<\/p>\n<ul>\n<li>Site Manager pour un barrage hydro\u00e9lectrique de 2 tranches de 25 MW au Sri Lanka<\/li>\n<li>Supervision de l\u2019installation et des essais de TGBT et Transformateurs pour l\u2019EPR de Flamanville Tranche 3 (B\u00e2timent R\u00e9acteur)<\/li>\n<li>Site Technical Office Piping pour une centrale biomasse de 360 MW en Estonie et pour une centrale \u00ab Ultra-Supercritique \u00bb de 1 000MW au charbon en Malaisie<\/li>\n<li>Supervision d\u2019un chantier d\u2019\u00e9lectrification de 6 villages en Brousse au Congo Brazzaville<\/li>\n<\/ul>\n<p>[\/vc_column_text][\/vc_column][\/vc_row][vc_row full_width=&#8221;stretch_row_content&#8221; content_placement=&#8221;middle&#8221; parallax=&#8221;content-moving&#8221; parallax_image=&#8221;536&#8243; parallax_speed_bg=&#8221;3&#8243;][vc_column][vc_empty_space height=&#8221;400px&#8221;][\/vc_column][\/vc_row][vc_row full_width=&#8221;stretch_row&#8221; gap=&#8221;35&#8243; equal_height=&#8221;yes&#8221; content_placement=&#8221;middle&#8221; css=&#8221;.vc_custom_1537368451704{background-color: #d8d8d8 !important;}&#8221;][vc_column width=&#8221;1\/3&#8243; css=&#8221;.vc_custom_1537367448706{padding-top: 20px !important;padding-right: 20px !important;padding-bottom: 20px !important;padding-left: 20px !important;background-color: rgba(255,255,255,0.65) !important;background-position: 0 0 !important;background-repeat: no-repeat !important;*background-color: rgb(255,255,255) !important;}&#8221;][vc_column_text]<\/p>\n<h3><strong>Exemples de projets :<\/strong><\/h3>\n<p>&nbsp;<\/p>\n<ul>\n<li>Fuel Nozzle Inspection sur lignes TAG 5000 \u00e0 9000 en C\u00f4te d\u2019Ivoire<\/li>\n<li>Expertise alternateur avant fin de garantie en Irlande<\/li>\n<li>Contr\u00f4le-commande et mise en service Mark V, VI et VI E sur centrales de cog\u00e9n\u00e9ration au Luxembourg et en Belgique<\/li>\n<li>Contre-expertise sur lignes de production d\u2019\u00e9nergie de type TAG 5000 \u00e0 l\u2019appui d\u2019un contr\u00f4le non-destructif pour une centrale de distribution d\u2019\u00e9nergie en C\u00f4te d\u2019Ivoire<\/li>\n<\/ul>\n<p>[\/vc_column_text][\/vc_column][vc_column parallax=&#8221;content-moving&#8221; width=&#8221;2\/3&#8243; css=&#8221;.vc_custom_1537367187056{padding-top: 20px !important;padding-right: 20px !important;padding-bottom: 20px !important;padding-left: 20px !important;background-position: 0 0 !important;background-repeat: no-repeat !important;}&#8221;][vc_column_text]<\/p>\n<h2 style=\"text-align: left;\"><strong>EXPERTISE<\/strong><\/h2>\n<p>&nbsp;<\/p>\n<ul>\n<li><strong>Etude de l\u2019existant (expertise en Installation G\u00e9n\u00e9rale, diagnostic en Installation G\u00e9n\u00e9rale, analyse des dossiers techniques et rapports d\u2019expertise existants)<\/strong><\/li>\n<li><strong>Etablissement d\u2019un rapport d\u2019expertise<\/strong><\/li>\n<li><strong>Pr\u00e9conisations techniques \u00e0 court, moyen et long termes<\/strong><\/li>\n<li><strong>Garant de la s\u00fbret\u00e9 des installations dans le respect de ses recommandations<\/strong><\/li>\n<\/ul>\n<p>[\/vc_column_text][\/vc_column][\/vc_row][vc_row][vc_column][vc_btn title=&#8221;Notre activit\u00e9 d&#8217;\u00e9clairages solaires autonomes&#8221; style=&#8221;3d&#8221; color=&#8221;warning&#8221; align=&#8221;center&#8221; i_icon_fontawesome=&#8221;fas fa-external-link-alt&#8221; add_icon=&#8221;true&#8221; link=&#8221;url:https%3A%2F%2Feliteam.eu%2Fcandelabres-solaires-autonomes-eliteam-energy%2F&#8221;][\/vc_column][\/vc_row]<\/p>","protected":false},"excerpt":{"rendered":"<p>[\/vc_column_text][\/vc_column][\/vc_row][vc_row full_width=&#8221;stretch_row_content_no_spaces&#8221; content_placement=&#8221;middle&#8221;][vc_column][vc_empty_space height=&#8221;100px&#8221;][vc_single_image image=&#8221;853&#8243; img_size=&#8221;large&#8221; alignment=&#8221;center&#8221; onclick=&#8221;link_image&#8221;][vc_column_text] Sp\u00e9cialistes dans les domaines de la production, du transport et de la distribution d\u2019\u00e9nergie [\/vc_column_text][\/vc_column][\/vc_row][vc_row][vc_column][vc_empty_space height=&#8221;80px&#8221;][vc_separator color=&#8221;custom&#8221; border_width=&#8221;2&#8243; el_width=&#8221;30&#8243; accent_color=&#8221;#f58220&#8243;][vc_empty_space height=&#8221;50px&#8221;][\/vc_column][\/vc_row][vc_row][vc_column][vc_column_text] NOS [&hellip;]<\/p>\n","protected":false},"author":1,"featured_media":0,"parent":0,"menu_order":0,"comment_status":"closed","ping_status":"closed","template":"","meta":{"footnotes":""},"class_list":["post-520","page","type-page","status-publish","hentry"],"_links":{"self":[{"href":"https:\/\/eliteam.eu\/en\/wp-json\/wp\/v2\/pages\/520","targetHints":{"allow":["GET"]}}],"collection":[{"href":"https:\/\/eliteam.eu\/en\/wp-json\/wp\/v2\/pages"}],"about":[{"href":"https:\/\/eliteam.eu\/en\/wp-json\/wp\/v2\/types\/page"}],"author":[{"embeddable":true,"href":"https:\/\/eliteam.eu\/en\/wp-json\/wp\/v2\/users\/1"}],"replies":[{"embeddable":true,"href":"https:\/\/eliteam.eu\/en\/wp-json\/wp\/v2\/comments?post=520"}],"version-history":[{"count":54,"href":"https:\/\/eliteam.eu\/en\/wp-json\/wp\/v2\/pages\/520\/revisions"}],"predecessor-version":[{"id":1948,"href":"https:\/\/eliteam.eu\/en\/wp-json\/wp\/v2\/pages\/520\/revisions\/1948"}],"wp:attachment":[{"href":"https:\/\/eliteam.eu\/en\/wp-json\/wp\/v2\/media?parent=520"}],"curies":[{"name":"wp","href":"https:\/\/api.w.org\/{rel}","templated":true}]}}